{"id":10269,"date":"2025-11-12T13:18:36","date_gmt":"2025-11-12T13:18:36","guid":{"rendered":"https:\/\/www.mluis.adv.br\/?page_id=10269"},"modified":"2025-11-12T13:18:36","modified_gmt":"2025-11-12T13:18:36","slug":"gabriela-barbosa-alves","status":"publish","type":"page","link":"https:\/\/www.mluis.adv.br\/en\/nossa-equipe\/gabriela-barbosa-alves\/","title":{"rendered":"Gabriela Barbosa Alves"},"content":{"rendered":"<div class=\"fusion-fullwidth fullwidth-box fusion-builder-row-1 nonhundred-percent-fullwidth non-hundred-percent-height-scrolling\" style=\"--awb-border-radius-top-left:0px;--awb-border-radius-top-right:0px;--awb-border-radius-bottom-right:0px;--awb-border-radius-bottom-left:0px;\" ><div class=\"fusion-builder-row fusion-row\"><div class=\"fusion-layout-column fusion_builder_column fusion-builder-column-0 fusion_builder_column_1_4 1_4 fusion-one-fourth fusion-column-first\" style=\"--awb-bg-size:cover;width:25%;width:calc(25% - ( ( 4% ) * 0.25 ) );margin-right: 4%;\"><div class=\"fusion-column-wrapper fusion-flex-column-wrapper-legacy\"><div class=\"fusion-image-element fusion-image-align-center in-legacy-container\" style=\"text-align:center;--awb-caption-title-size:var(--h2_typography-font-size);--awb-caption-title-transform:var(--h2_typography-text-transform);--awb-caption-title-line-height:var(--h2_typography-line-height);--awb-caption-title-letter-spacing:var(--h2_typography-letter-spacing);\"><div class=\"imageframe-align-center\"><span class=\"fusion-imageframe imageframe-none imageframe-1 hover-type-none\"><img decoding=\"async\" width=\"286\" height=\"349\" title=\"gabriela barbosa interna\" src=\"http:\/\/www.mluis.adv.br\/wp-content\/uploads\/2025\/11\/gabriela-barbosa-interna.png\" alt class=\"img-responsive wp-image-10270\" srcset=\"https:\/\/www.mluis.adv.br\/wp-content\/uploads\/2025\/11\/gabriela-barbosa-interna-200x244.png 200w, https:\/\/www.mluis.adv.br\/wp-content\/uploads\/2025\/11\/gabriela-barbosa-interna.png 286w\" sizes=\"(max-width: 800px) 100vw, 286px\" \/><\/span><\/div><\/div><div class=\"fusion-sep-clear\"><\/div><div class=\"fusion-separator fusion-full-width-sep\" style=\"margin-left: auto;margin-right: auto;margin-bottom:15px;width:100%;\"><\/div><div class=\"fusion-sep-clear\"><\/div><div class=\"fusion-text fusion-text-1\"><p><span style=\"color: #333333;\"><strong>Languages<\/strong> <\/span><br \/>\nEnglish <em>(Advanced)<\/em><\/p>\n<\/div><div class=\"fusion-text fusion-text-2\"><h3>Contacts<\/h3>\n<\/div><ul style=\"--awb-size:16px;--awb-line-height:27.2px;--awb-icon-width:27.2px;--awb-icon-height:27.2px;--awb-icon-margin:11.2px;--awb-content-margin:38.4px;--awb-circlecolor:#a0ce4e;--awb-circle-yes-font-size:14.08px;\" class=\"fusion-checklist fusion-checklist-1 fusion-checklist-default type-icons\"><li class=\"fusion-li-item\" style=\"\"><span class=\"icon-wrapper circle-yes\"><i class=\"fusion-li-icon fa-linkedin-in fab\" aria-hidden=\"true\"><\/i><\/span><div class=\"fusion-li-item-content\">\n<p><a href=\"https:\/\/www.linkedin.com\/in\/gabriela-alves-451643141\/\" target=\"_blank\" rel=\"noopener\">Linkedin<\/a><\/p>\n<\/div><\/li><li class=\"fusion-li-item\" style=\"\"><span class=\"icon-wrapper circle-yes\"><i class=\"fusion-li-icon fa-envelope fas\" aria-hidden=\"true\"><\/i><\/span><div class=\"fusion-li-item-content\">\n<p><a href=\"mailto:gabriela.alves@mluis.adv.br\" target=\"_blank\" rel=\"noopener\">gabriela.alves@mluis.adv.br<\/a><\/p>\n<\/div><\/li><\/ul><div class=\"fusion-clearfix\"><\/div><\/div><\/div><div class=\"fusion-layout-column fusion_builder_column fusion-builder-column-1 fusion_builder_column_3_4 3_4 fusion-three-fourth fusion-column-last\" style=\"--awb-bg-size:cover;width:75%;width:calc(75% - ( ( 4% ) * 0.75 ) );\"><div class=\"fusion-column-wrapper fusion-flex-column-wrapper-legacy\"><div class=\"fusion-title title fusion-title-1 fusion-sep-none fusion-title-text fusion-title-size-two\"><h2 class=\"title-heading-left fusion-responsive-typography-calculated\" style=\"margin:0;--fontSize:36;line-height:1.5;\">Professional Experience<\/h2><\/div><div class=\"fusion-text fusion-text-3\"><p>Advogada atuante nas \u00e1reas de Contencioso e Consultivo C\u00edvel e Empresarial. Possui expertise em reestrutura\u00e7\u00e3o e insolv\u00eancia, bem como na an\u00e1lise e estrutura\u00e7\u00e3o de opera\u00e7\u00f5es de aquisi\u00e7\u00e3o de cr\u00e9ditos judiciais estrat\u00e9gicos (Non Performing Loans, Legal Claims e Special Situations).<\/p>\n<\/div><div class=\"fusion-sep-clear\"><\/div><div class=\"fusion-separator fusion-full-width-sep\" style=\"margin-left: auto;margin-right: auto;margin-bottom:30px;width:100%;\"><\/div><div class=\"fusion-sep-clear\"><\/div><div class=\"fusion-title title fusion-title-2 fusion-sep-none fusion-title-text fusion-title-size-two\"><h2 class=\"title-heading-left fusion-responsive-typography-calculated\" style=\"margin:0;--fontSize:36;line-height:1.5;\">Education and Academic History<\/h2><\/div><ul style=\"--awb-size:16px;--awb-iconcolor:#8ec64e;--awb-line-height:27.2px;--awb-icon-width:27.2px;--awb-icon-height:27.2px;--awb-icon-margin:11.2px;--awb-content-margin:38.4px;\" class=\"fusion-checklist fusion-checklist-2 fusion-checklist-default type-icons\"><li class=\"fusion-li-item\" style=\"\"><span class=\"icon-wrapper circle-no\"><i class=\"fusion-li-icon fa-chevron-right fas\" aria-hidden=\"true\"><\/i><\/span><div class=\"fusion-li-item-content\">\n<p>Bacharel em Direito pela Universidade Presbiteriana Mackenzie.<\/p>\n<\/div><\/li><\/ul><div class=\"fusion-sep-clear\"><\/div><div class=\"fusion-separator fusion-full-width-sep\" style=\"margin-left: auto;margin-right: auto;margin-bottom:30px;width:100%;\"><\/div><div class=\"fusion-sep-clear\"><\/div><div class=\"fusion-title title fusion-title-3 fusion-sep-none fusion-title-text fusion-title-size-two\"><h2 class=\"title-heading-left fusion-responsive-typography-calculated\" style=\"margin:0;--fontSize:36;line-height:1.5;\">Affiliations<\/h2><\/div><ul style=\"--awb-size:16px;--awb-iconcolor:#8ec64e;--awb-line-height:27.2px;--awb-icon-width:27.2px;--awb-icon-height:27.2px;--awb-icon-margin:11.2px;--awb-content-margin:38.4px;\" class=\"fusion-checklist fusion-checklist-3 fusion-checklist-default type-icons\"><li class=\"fusion-li-item\" style=\"\"><span class=\"icon-wrapper circle-no\"><i class=\"fusion-li-icon fa-chevron-right fas\" aria-hidden=\"true\"><\/i><\/span><div class=\"fusion-li-item-content\">\n<p>Membra da Ordem dos Advogados do Brasil, seccional de S\u00e3o Paulo (OAB\/SP).<\/p>\n<\/div><\/li><\/ul><div class=\"fusion-clearfix\"><\/div><\/div><\/div><\/div><\/div>","protected":false},"excerpt":{"rendered":"","protected":false},"author":1,"featured_media":0,"parent":79,"menu_order":0,"comment_status":"closed","ping_status":"closed","template":"100-width.php","meta":{"footnotes":""},"class_list":["post-10269","page","type-page","status-publish","hentry"],"_links":{"self":[{"href":"https:\/\/www.mluis.adv.br\/en\/wp-json\/wp\/v2\/pages\/10269","targetHints":{"allow":["GET"]}}],"collection":[{"href":"https:\/\/www.mluis.adv.br\/en\/wp-json\/wp\/v2\/pages"}],"about":[{"href":"https:\/\/www.mluis.adv.br\/en\/wp-json\/wp\/v2\/types\/page"}],"author":[{"embeddable":true,"href":"https:\/\/www.mluis.adv.br\/en\/wp-json\/wp\/v2\/users\/1"}],"replies":[{"embeddable":true,"href":"https:\/\/www.mluis.adv.br\/en\/wp-json\/wp\/v2\/comments?post=10269"}],"version-history":[{"count":1,"href":"https:\/\/www.mluis.adv.br\/en\/wp-json\/wp\/v2\/pages\/10269\/revisions"}],"predecessor-version":[{"id":10272,"href":"https:\/\/www.mluis.adv.br\/en\/wp-json\/wp\/v2\/pages\/10269\/revisions\/10272"}],"up":[{"embeddable":true,"href":"https:\/\/www.mluis.adv.br\/en\/wp-json\/wp\/v2\/pages\/79"}],"wp:attachment":[{"href":"https:\/\/www.mluis.adv.br\/en\/wp-json\/wp\/v2\/media?parent=10269"}],"curies":[{"name":"wp","href":"https:\/\/api.w.org\/{rel}","templated":true}]}}