{"id":259,"date":"2018-10-26T12:23:39","date_gmt":"2018-10-26T12:23:39","guid":{"rendered":"http:\/\/www.mluis.adv.br\/?page_id=259"},"modified":"2023-01-31T17:12:30","modified_gmt":"2023-01-31T17:12:30","slug":"luis-andrade","status":"publish","type":"page","link":"http:\/\/www.mluis.adv.br\/en\/nossa-equipe\/luis-andrade\/","title":{"rendered":"Luis Andrade"},"content":{"rendered":"<div class=\"fusion-fullwidth fullwidth-box fusion-builder-row-1 nonhundred-percent-fullwidth non-hundred-percent-height-scrolling\" style=\"--awb-border-radius-top-left:0px;--awb-border-radius-top-right:0px;--awb-border-radius-bottom-right:0px;--awb-border-radius-bottom-left:0px;\" ><div class=\"fusion-builder-row fusion-row\"><div class=\"fusion-layout-column fusion_builder_column fusion-builder-column-0 fusion_builder_column_1_4 1_4 fusion-one-fourth fusion-column-first\" style=\"--awb-bg-size:cover;width:25%;width:calc(25% - ( ( 4% ) * 0.25 ) );margin-right: 4%;\"><div class=\"fusion-column-wrapper fusion-flex-column-wrapper-legacy\"><div class=\"fusion-image-element fusion-image-align-center in-legacy-container\" style=\"text-align:center;--awb-caption-title-size:var(--h2_typography-font-size);--awb-caption-title-transform:var(--h2_typography-text-transform);--awb-caption-title-line-height:var(--h2_typography-line-height);--awb-caption-title-letter-spacing:var(--h2_typography-letter-spacing);\"><div class=\"imageframe-align-center\"><span class=\"fusion-imageframe imageframe-none imageframe-1 hover-type-none\"><img decoding=\"async\" width=\"246\" height=\"300\" alt=\"luis andrade\" title=\"luis andrade\" src=\"http:\/\/www.mluis.adv.br\/wp-content\/uploads\/2022\/10\/luis-andrade-interna-246x300.jpg\" class=\"img-responsive wp-image-4963\" srcset=\"http:\/\/www.mluis.adv.br\/wp-content\/uploads\/2022\/10\/luis-andrade-interna-200x244.jpg 200w, http:\/\/www.mluis.adv.br\/wp-content\/uploads\/2022\/10\/luis-andrade-interna.jpg 286w\" sizes=\"(max-width: 800px) 100vw, 246px\" \/><\/span><\/div><\/div><div class=\"fusion-sep-clear\"><\/div><div class=\"fusion-separator fusion-full-width-sep\" style=\"margin-left: auto;margin-right: auto;margin-bottom:15px;width:100%;\"><\/div><div class=\"fusion-sep-clear\"><\/div><div class=\"fusion-text fusion-text-1\"><p><span style=\"color: #333333;\"><strong>Languages<\/strong> <\/span><br \/>English <em>(Fluent)<\/em><\/p>\n<\/div><div class=\"fusion-text fusion-text-2\"><h3>Contacts<\/h3>\n<\/div><ul style=\"--awb-size:16px;--awb-line-height:27.2px;--awb-icon-width:27.2px;--awb-icon-height:27.2px;--awb-icon-margin:11.2px;--awb-content-margin:38.4px;--awb-circlecolor:#a0ce4e;--awb-circle-yes-font-size:14.08px;\" class=\"fusion-checklist fusion-checklist-1 fusion-checklist-default type-icons\"><li class=\"fusion-li-item\" style=\"\"><span class=\"icon-wrapper circle-yes\"><i class=\"fusion-li-icon fa-linkedin-in fab\" aria-hidden=\"true\"><\/i><\/span><div class=\"fusion-li-item-content\">\n<p><a href=\"https:\/\/www.linkedin.com\/in\/lu%C3%ADs-ant%C3%B4nio-gon%C3%A7alves-de-andrade-10942414\/\" target=\"_blank\" rel=\"noopener\">Linkedin<\/a><\/p>\n<\/div><\/li><li class=\"fusion-li-item\" style=\"\"><span class=\"icon-wrapper circle-yes\"><i class=\"fusion-li-icon fa-envelope fas\" aria-hidden=\"true\"><\/i><\/span><div class=\"fusion-li-item-content\">\n<p><a href=\"mailto:luis.andrade@mluis.adv.br\">luis.andrade@mluis.adv.br<\/a><\/p>\n<\/div><\/li><\/ul><div class=\"fusion-clearfix\"><\/div><\/div><\/div><div class=\"fusion-layout-column fusion_builder_column fusion-builder-column-1 fusion_builder_column_3_4 3_4 fusion-three-fourth fusion-column-last\" style=\"--awb-bg-size:cover;width:75%;width:calc(75% - ( ( 4% ) * 0.75 ) );\"><div class=\"fusion-column-wrapper fusion-flex-column-wrapper-legacy\"><div class=\"fusion-title title fusion-title-1 fusion-sep-none fusion-title-text fusion-title-size-two\"><h2 class=\"title-heading-left fusion-responsive-typography-calculated\" style=\"margin:0;--fontSize:36;line-height:1.5;\">Professional Experience<\/h2><\/div><div class=\"fusion-text fusion-text-3\"><p>Lu\u00eds Ant\u00f4nio Gon\u00e7alves de Andrade is a lawyer with experience in the areas of real estate, notarial and registry law, business, and agribusiness, with emphasis on the drafting and analysis of real estate contracts of the most various types, as well as in real estate regularization.<\/p>\n<p>He worked as an Assistant Professor at INSPER \u2013 Institute of Education and Research, in the subject \u201cLaw Applied to Administration\u201d.<\/p>\n<p>He also holds a degree in Agronomy, with a specialization in Rural Administration and Environmental Management, with direct work in <em>agribusiness<\/em>.<\/p>\n<\/div><div class=\"fusion-sep-clear\"><\/div><div class=\"fusion-separator fusion-full-width-sep\" style=\"margin-left: auto;margin-right: auto;margin-bottom:30px;width:100%;\"><\/div><div class=\"fusion-sep-clear\"><\/div><div class=\"fusion-title title fusion-title-2 fusion-sep-none fusion-title-text fusion-title-size-two\"><h2 class=\"title-heading-left fusion-responsive-typography-calculated\" style=\"margin:0;--fontSize:36;line-height:1.5;\">Education and Academic History<\/h2><\/div><ul style=\"--awb-size:16px;--awb-iconcolor:#8ec64e;--awb-line-height:27.2px;--awb-icon-width:27.2px;--awb-icon-height:27.2px;--awb-icon-margin:11.2px;--awb-content-margin:38.4px;\" class=\"fusion-checklist fusion-checklist-2 fusion-checklist-default type-icons\"><li class=\"fusion-li-item\" style=\"\"><span class=\"icon-wrapper circle-no\"><i class=\"fusion-li-icon fa-chevron-right fas\" aria-hidden=\"true\"><\/i><\/span><div class=\"fusion-li-item-content\">\n<p>Bachelor of Law from FGV Law SP.<\/p>\n<\/div><\/li><li class=\"fusion-li-item\" style=\"\"><span class=\"icon-wrapper circle-no\"><i class=\"fusion-li-icon fa-chevron-right fas\" aria-hidden=\"true\"><\/i><\/span><div class=\"fusion-li-item-content\">\n<p>Specialization Course in Notarial and Registry Law from EPD \u2013 Escola Paulista de Direito.<\/p>\n<\/div><\/li><li class=\"fusion-li-item\" style=\"\"><span class=\"icon-wrapper circle-no\"><i class=\"fusion-li-icon fa-chevron-right fas\" aria-hidden=\"true\"><\/i><\/span><div class=\"fusion-li-item-content\">\n<p>Course in Pollution Prevention and Control from the University of California, Berkeley.<\/p>\n<\/div><\/li><li class=\"fusion-li-item\" style=\"\"><span class=\"icon-wrapper circle-no\"><i class=\"fusion-li-icon fa-chevron-right fas\" aria-hidden=\"true\"><\/i><\/span><div class=\"fusion-li-item-content\">\n<p>Course in ISO 14000 \u2013 Environmental Management Systems from the Vanzolini Foundation \u2013 USP.<\/p>\n<\/div><\/li><li class=\"fusion-li-item\" style=\"\"><span class=\"icon-wrapper circle-no\"><i class=\"fusion-li-icon fa-chevron-right fas\" aria-hidden=\"true\"><\/i><\/span><div class=\"fusion-li-item-content\">\n<p>Course in Rural Administration from the School of Business Administration of Sao Paulo FGV.<\/p>\n<\/div><\/li><li class=\"fusion-li-item\" style=\"\"><span class=\"icon-wrapper circle-no\"><i class=\"fusion-li-icon fa-chevron-right fas\" aria-hidden=\"true\"><\/i><\/span><div class=\"fusion-li-item-content\">\n<p>Agronomic Engineering from the Faculty of Agronomy and Animal Science Manoel Carlos Gon\u00e7alves.<\/p>\n<\/div><\/li><\/ul><div class=\"fusion-sep-clear\"><\/div><div class=\"fusion-separator fusion-full-width-sep\" style=\"margin-left: auto;margin-right: auto;margin-bottom:30px;width:100%;\"><\/div><div class=\"fusion-sep-clear\"><\/div><div class=\"fusion-title title fusion-title-3 fusion-sep-none fusion-title-text fusion-title-size-two\"><h2 class=\"title-heading-left fusion-responsive-typography-calculated\" style=\"margin:0;--fontSize:36;line-height:1.5;\">Affiliations<\/h2><\/div><ul style=\"--awb-size:16px;--awb-iconcolor:#8ec64e;--awb-line-height:27.2px;--awb-icon-width:27.2px;--awb-icon-height:27.2px;--awb-icon-margin:11.2px;--awb-content-margin:38.4px;\" class=\"fusion-checklist fusion-checklist-3 fusion-checklist-default type-icons\"><li class=\"fusion-li-item\" style=\"\"><span class=\"icon-wrapper circle-no\"><i class=\"fusion-li-icon fa-chevron-right fas\" aria-hidden=\"true\"><\/i><\/span><div class=\"fusion-li-item-content\">\n<p>Member of the Brazilian Bar Association, Section of S\u00e3o Paulo (OAB\/SP).<\/p>\n<\/div><\/li><li class=\"fusion-li-item\" style=\"\"><span class=\"icon-wrapper circle-no\"><i class=\"fusion-li-icon fa-chevron-right fas\" aria-hidden=\"true\"><\/i><\/span><div class=\"fusion-li-item-content\">\n<p>Member of the Association of Lawyers of Sao Paulo (AASP).<\/p>\n<\/div><\/li><\/ul><div class=\"fusion-clearfix\"><\/div><\/div><\/div><\/div><\/div>","protected":false},"excerpt":{"rendered":"","protected":false},"author":1,"featured_media":0,"parent":79,"menu_order":0,"comment_status":"closed","ping_status":"closed","template":"100-width.php","meta":{"footnotes":""},"class_list":["post-259","page","type-page","status-publish","hentry"],"_links":{"self":[{"href":"http:\/\/www.mluis.adv.br\/en\/wp-json\/wp\/v2\/pages\/259","targetHints":{"allow":["GET"]}}],"collection":[{"href":"http:\/\/www.mluis.adv.br\/en\/wp-json\/wp\/v2\/pages"}],"about":[{"href":"http:\/\/www.mluis.adv.br\/en\/wp-json\/wp\/v2\/types\/page"}],"author":[{"embeddable":true,"href":"http:\/\/www.mluis.adv.br\/en\/wp-json\/wp\/v2\/users\/1"}],"replies":[{"embeddable":true,"href":"http:\/\/www.mluis.adv.br\/en\/wp-json\/wp\/v2\/comments?post=259"}],"version-history":[{"count":5,"href":"http:\/\/www.mluis.adv.br\/en\/wp-json\/wp\/v2\/pages\/259\/revisions"}],"predecessor-version":[{"id":5313,"href":"http:\/\/www.mluis.adv.br\/en\/wp-json\/wp\/v2\/pages\/259\/revisions\/5313"}],"up":[{"embeddable":true,"href":"http:\/\/www.mluis.adv.br\/en\/wp-json\/wp\/v2\/pages\/79"}],"wp:attachment":[{"href":"http:\/\/www.mluis.adv.br\/en\/wp-json\/wp\/v2\/media?parent=259"}],"curies":[{"name":"wp","href":"https:\/\/api.w.org\/{rel}","templated":true}]}}